{"id":5889,"date":"2021-08-31T11:31:20","date_gmt":"2021-08-31T15:31:20","guid":{"rendered":"https:\/\/29minutos.cl\/index.php\/producto\/plan-rose-extra\/"},"modified":"2025-06-04T08:53:14","modified_gmt":"2025-06-04T12:53:14","slug":"plan-rose-extra","status":"publish","type":"product","link":"https:\/\/29minutos.cl\/index.php\/producto\/plan-rose-extra\/","title":{"rendered":"Plan Rose Extra"},"content":{"rendered":"<p>Gracias por seguir siendo parte de esta comunidad. Ser\u00e1n 2 Meses mas juntos y continuaremos cerca de ti para apoyarte, animarte y resolver tus dudas o sugerencias. Pronto te agregaremos a nuestro grupo de Whatsapp (si compras dentro del fin de semana o<br \/>\nferiado ser\u00e1s agregado el primer d\u00eda h\u00e1bil despu\u00e9s de tu compra) para agregarte a este grupo haremos uso del n\u00famero de celular que incluiste en tu ficha de ingreso.<\/p>\n<p>Tus entrenamientos ya est\u00e1n disponibles, tienes que seguir el correcto orden de<br \/>\nellos. Tu entrenamiento de S\u00daPER GL\u00daTEOS Y ABDOMEN tambi\u00e9n est\u00e1 disponible completamente desde ya.<\/p>\n<p>Si tienes dudas sobre cualquier cosa escr\u00edbenos a\u00a0<strong><a href=\"mailto:dudasalumnos@29minutos.cl\">n<\/a>uestro whatsapp 29Minutos.<\/strong><\/p>\n<p>&nbsp;<\/p>\n<p style=\"text-align: center;\"><strong><strong style=\"font-size: 14px;\">Si estas por terminar tu plan y quieres continuar con el siguiente mes contrata el siguiente Plan:<\/strong><\/strong><\/p>\n<p><strong>\u00a0<\/strong><\/p>\n<p>&nbsp;<\/p>\n<p style=\"font-weight: bold; text-align: center;\"><strong style=\"font-size: 14px;\"><strong><a href=\"https:\/\/29minutos.cl\/index.php\/checkouts\/plan-rose-extra2\/\" target=\"_blank\" rel=\"noreferrer noopener\"><img fetchpriority=\"high\" decoding=\"async\" class=\"img-fluid atto_image_button_text-bottom\" src=\"https:\/\/portal.29minutos.cl\/webservice\/pluginfile.php\/4759\/course\/summary\/0\/renovacion_roseextra2.jpg?time=1679428808456\" alt=\"banner\" width=\"650\" height=\"211\" \/><\/a><\/strong><\/strong><\/p>\n<p><span style=\"font-weight: bold;\"><strong>\u00a0<\/strong><\/span><\/p>\n<p style=\"text-align: center;\"><strong><strong style=\"font-size: 14px;\"><strong>* SI NECESITAS CONGELAR TU PLAN POR UN TIEMPO HAZ\u00a0<a href=\"https:\/\/29minutos.cl\/index.php\/congelamiento\/\" target=\"_blank\" rel=\"noreferrer noopener\">CLICK AQU\u00cd<\/a>.<\/strong><\/strong><br \/>\n<\/strong><\/p>\n<p><strong>\u00a0<\/strong><\/p>\n","protected":false},"excerpt":{"rendered":"<p>Gracias por seguir siendo parte de esta comunidad. Ser\u00e1n 2 Meses mas juntos y continuaremos cerca de ti para apoyarte, animarte y resolver tus dudas o sugerencias. Pronto te agregaremos a nuestro grupo de Whatsapp (si compras dentro del fin de semana o feriado ser\u00e1s agregado el primer d\u00eda h\u00e1bil despu\u00e9s de tu compra) para [&hellip;]<\/p>\n","protected":false},"featured_media":3278,"template":"","meta":[],"product_cat":[34],"product_tag":[],"class_list":{"0":"post-5889","1":"product","2":"type-product","3":"status-publish","4":"has-post-thumbnail","6":"product_cat-planes","8":"first","9":"instock","10":"downloadable","11":"virtual","12":"purchasable","13":"product-type-simple"},"_links":{"self":[{"href":"https:\/\/29minutos.cl\/index.php\/wp-json\/wp\/v2\/product\/5889","targetHints":{"allow":["GET"]}}],"collection":[{"href":"https:\/\/29minutos.cl\/index.php\/wp-json\/wp\/v2\/product"}],"about":[{"href":"https:\/\/29minutos.cl\/index.php\/wp-json\/wp\/v2\/types\/product"}],"wp:featuredmedia":[{"embeddable":true,"href":"https:\/\/29minutos.cl\/index.php\/wp-json\/wp\/v2\/media\/3278"}],"wp:attachment":[{"href":"https:\/\/29minutos.cl\/index.php\/wp-json\/wp\/v2\/media?parent=5889"}],"wp:term":[{"taxonomy":"product_cat","embeddable":true,"href":"https:\/\/29minutos.cl\/index.php\/wp-json\/wp\/v2\/product_cat?post=5889"},{"taxonomy":"product_tag","embeddable":true,"href":"https:\/\/29minutos.cl\/index.php\/wp-json\/wp\/v2\/product_tag?post=5889"}],"curies":[{"name":"wp","href":"https:\/\/api.w.org\/{rel}","templated":true}]}}