{"id":37446,"date":"2023-05-11T10:48:48","date_gmt":"2023-05-11T14:48:48","guid":{"rendered":"https:\/\/29minutos.cl\/?post_type=product&#038;p=37446"},"modified":"2024-05-27T10:23:17","modified_gmt":"2024-05-27T14:23:17","slug":"black-baile","status":"publish","type":"product","link":"https:\/\/29minutos.cl\/index.php\/producto\/black-baile\/","title":{"rendered":"BLACK + BAILE"},"content":{"rendered":"<p><span style=\"font-size:14px;\">Gracias por ser parte de nosotros. Ser\u00e1n 11 semanas juntos y desde ahora queremos estar cerca de ti para apoyarte, animarte y resolver tus dudas o sugerencias. Pronto te agregaremos a nuestro grupo de Whatsapp (si compras dentro del fin de semana o feriado ser\u00e1s agregado el primer d\u00eda h\u00e1bil despu\u00e9s de tu compra) para agregarte a este grupo haremos uso del n\u00famero de celular que incluiste en tu ficha de ingreso. Las pautas de alimentaci\u00f3n \u00a1ya est\u00e1n disponibles! Recuerda elegir la que mas se adapte a tus objetivos. Tus entrenamientos ya est\u00e1n disponibles, tienes que seguir el correcto orden de ellos. Tu entrenamiento EXTRA de S\u00daPER GL\u00daTEOS Y ABDOMEN tambi\u00e9n est\u00e1 disponible completamente desde ya. Pronto Mariela te agregar\u00e1 en un grupo de Whatsapp con ella y sus asesores.<\/span><\/p>\n<p><span style=\"font-size:14px;\"><span>Si tienes dudas sobre cualquier cosa escr\u00edbenos a\u00a0<\/span><strong><a href=\"mailto:dudasalumnos@29minutos.cl\">n<\/a>uestro whatsapp 29Minutos.<\/strong><br \/><\/span><\/p>\n<p><\/p>\n<p><strong><\/strong><\/p>\n<p style=\"text-align:center;\"><strong><strong style=\"font-size:14px;\">Si estas por terminar tu plan y quieres continuar con el siguiente mes contrata el siguiente Plan:<\/strong><\/strong><\/p>\n<p><strong><br \/>\n<\/strong><\/p>\n<p><span><\/span><\/p>\n<p style=\"font-weight:bold;text-align:center;\"><strong style=\"font-size:14px;\"><span><strong><a href=\"https:\/\/29minutos.cl\/index.php\/checkouts\/black-extra\/\" target=\"_blank\" rel=\"noreferrer noopener\"><img fetchpriority=\"high\" decoding=\"async\" src=\"https:\/\/portal.29minutos.cl\/webservice\/pluginfile.php\/996\/course\/summary\/0\/renovacion_blackextra.jpg\" alt=\"banner\" width=\"650\" height=\"235\" class=\"img-fluid atto_image_button_text-bottom\" \/><\/a><\/strong><\/span><\/strong>\n<\/p>\n<p><span style=\"font-weight:bold;\"><strong><br \/><\/strong><\/span><\/p>\n<p style=\"text-align:center;\"><strong><strong style=\"font-size:14px;\"><span><strong>* SI NECESITAS CONGELAR TU PLAN POR UN TIEMPO HAZ\u00a0<a href=\"https:\/\/29minutos.cl\/index.php\/congelamiento\/\" target=\"_blank\" rel=\"noreferrer noopener\">CLICK AQU\u00cd<\/a>.<\/strong><br \/><\/span><\/strong><\/strong><\/p>\n<p><strong><\/strong><\/p>\n","protected":false},"excerpt":{"rendered":"<p>Gracias por ser parte de nosotros. Ser\u00e1n 11 semanas juntos y desde ahora queremos estar cerca de ti para apoyarte, animarte y resolver tus dudas o sugerencias. Pronto te agregaremos a nuestro grupo de Whatsapp (si compras dentro del fin de semana o feriado ser\u00e1s agregado el primer d\u00eda h\u00e1bil despu\u00e9s de tu compra) para [&hellip;]<\/p>\n","protected":false},"featured_media":20090,"template":"","meta":[],"product_cat":[34],"product_tag":[],"class_list":{"0":"post-37446","1":"product","2":"type-product","3":"status-publish","4":"has-post-thumbnail","6":"product_cat-planes","8":"first","9":"instock","10":"downloadable","11":"virtual","12":"purchasable","13":"product-type-simple"},"_links":{"self":[{"href":"https:\/\/29minutos.cl\/index.php\/wp-json\/wp\/v2\/product\/37446","targetHints":{"allow":["GET"]}}],"collection":[{"href":"https:\/\/29minutos.cl\/index.php\/wp-json\/wp\/v2\/product"}],"about":[{"href":"https:\/\/29minutos.cl\/index.php\/wp-json\/wp\/v2\/types\/product"}],"wp:featuredmedia":[{"embeddable":true,"href":"https:\/\/29minutos.cl\/index.php\/wp-json\/wp\/v2\/media\/20090"}],"wp:attachment":[{"href":"https:\/\/29minutos.cl\/index.php\/wp-json\/wp\/v2\/media?parent=37446"}],"wp:term":[{"taxonomy":"product_cat","embeddable":true,"href":"https:\/\/29minutos.cl\/index.php\/wp-json\/wp\/v2\/product_cat?post=37446"},{"taxonomy":"product_tag","embeddable":true,"href":"https:\/\/29minutos.cl\/index.php\/wp-json\/wp\/v2\/product_tag?post=37446"}],"curies":[{"name":"wp","href":"https:\/\/api.w.org\/{rel}","templated":true}]}}