{"id":3314,"date":"2021-07-22T09:22:40","date_gmt":"2021-07-22T13:22:40","guid":{"rendered":"https:\/\/29minutos.cl\/index.php\/producto\/plan-gold-extra-2\/"},"modified":"2024-05-14T10:59:48","modified_gmt":"2024-05-14T14:59:48","slug":"plan-gold-extra-2","status":"publish","type":"product","link":"https:\/\/29minutos.cl\/index.php\/producto\/plan-gold-extra-2\/","title":{"rendered":"Plan Gold Extra 2"},"content":{"rendered":"<\/p>\n<p>Gracias por ser parte de nosotros. Ser\u00e1n 11 semanas juntos y desde ahora queremos estar cerca tuyo para apoyarte, animarte y resolver tus dudas o sugerencias. La dieta para tu primer mes \u00a1ya est\u00e1 disponible! y para tu segundo mes estar\u00e1 disponible<br \/>\nal finalizar tu primer mes del plan. Tus entrenamientos ya est\u00e1n disponibles, tienes que seguir el correcto orden de ellos. Tu entrenamiento de S\u00daPER GL\u00daTEOS Y ABDOMEN tambi\u00e9n est\u00e1 disponible completamente desde ya.<\/p>\n<p><strong>Si ya terminaste tu plan y quieres continuar con el siguiente mes contrata el siguiente Plan:<\/strong><\/p>\n<p><a href=\"https:\/\/29minutos.cl\/index.php\/checkouts\/sigueentrenando3\/\" target=\"_blank\" rel=\"noreferrer noopener\">Sigue Entrenando 3<\/a><\/p>\n<p><strong>* SI NECESITAS CONGELAR TU PLAN POR UN TIEMPO HAZ\u00a0<a href=\"https:\/\/29minutos.cl\/index.php\/congelamiento\/\" target=\"_blank\" rel=\"noreferrer noopener\">CLICK AQU\u00cd<\/a>.<\/strong><\/p>\n","protected":false},"excerpt":{"rendered":"<p>Gracias por ser parte de nosotros. Ser\u00e1n 11 semanas juntos y desde ahora queremos estar cerca tuyo para apoyarte, animarte y resolver tus dudas o sugerencias. La dieta para tu primer mes \u00a1ya est\u00e1 disponible! y para tu segundo mes estar\u00e1 disponible al finalizar tu primer mes del plan. Tus entrenamientos ya est\u00e1n disponibles, tienes [&hellip;]<\/p>\n","protected":false},"featured_media":1092,"template":"","meta":[],"product_cat":[34],"product_tag":[],"class_list":{"0":"post-3314","1":"product","2":"type-product","3":"status-publish","4":"has-post-thumbnail","6":"product_cat-planes","8":"first","9":"instock","10":"downloadable","11":"virtual","12":"purchasable","13":"product-type-simple"},"_links":{"self":[{"href":"https:\/\/29minutos.cl\/index.php\/wp-json\/wp\/v2\/product\/3314","targetHints":{"allow":["GET"]}}],"collection":[{"href":"https:\/\/29minutos.cl\/index.php\/wp-json\/wp\/v2\/product"}],"about":[{"href":"https:\/\/29minutos.cl\/index.php\/wp-json\/wp\/v2\/types\/product"}],"wp:featuredmedia":[{"embeddable":true,"href":"https:\/\/29minutos.cl\/index.php\/wp-json\/wp\/v2\/media\/1092"}],"wp:attachment":[{"href":"https:\/\/29minutos.cl\/index.php\/wp-json\/wp\/v2\/media?parent=3314"}],"wp:term":[{"taxonomy":"product_cat","embeddable":true,"href":"https:\/\/29minutos.cl\/index.php\/wp-json\/wp\/v2\/product_cat?post=3314"},{"taxonomy":"product_tag","embeddable":true,"href":"https:\/\/29minutos.cl\/index.php\/wp-json\/wp\/v2\/product_tag?post=3314"}],"curies":[{"name":"wp","href":"https:\/\/api.w.org\/{rel}","templated":true}]}}