{"id":22695,"date":"2022-08-17T09:50:24","date_gmt":"2022-08-17T13:50:24","guid":{"rendered":"https:\/\/29minutos.cl\/index.php\/producto\/plan-black-extra-2\/"},"modified":"2024-05-31T10:34:19","modified_gmt":"2024-05-31T14:34:19","slug":"plan-black-extra-2","status":"publish","type":"product","link":"https:\/\/29minutos.cl\/index.php\/producto\/plan-black-extra-2\/","title":{"rendered":"Plan Black Extra 2"},"content":{"rendered":"<\/p>\n<p>Gracias por ser parte de nosotros. Ser\u00e1n 11 semanas juntos y desde ahora queremos estar cerca tuyo para apoyarte, animarte y resolver tus dudas o sugerencias. Pronto te agregaremos a nuestro grupo de Whatsapp (si compras dentro del fin de semana o<br \/>\nferiado ser\u00e1s agregado el primer d\u00eda h\u00e1bil despu\u00e9s de tu compra) para agregarte a este grupo haremos uso del n\u00famero de celular que incluiste en tu ficha de ingreso. <\/p>\n<p>Tus entrenamientos ya est\u00e1n disponibles, tienes que seguir el correcto orden de<br \/>\nellos. Tu entrenamiento de S\u00daPER GL\u00daTEOS Y ABDOMEN tambi\u00e9n est\u00e1 disponible completamente desde ya.<\/p>\n<p><strong><\/strong><\/p>\n<p style=\"text-align:center;\"><strong><strong style=\"font-size:14px;\">Si estas por terminar tu plan y quieres continuar con el siguiente mes contrata el siguiente Plan:<\/strong><\/strong><\/p>\n<p><strong><br \/>\n<\/strong><\/p>\n<p><span><\/span><\/p>\n<p style=\"font-weight:bold;text-align:center;\"><strong style=\"font-size:14px;\"><span><strong><a href=\"https:\/\/29minutos.cl\/index.php\/checkouts\/remake\/\" target=\"_blank\" rel=\"noreferrer noopener\"><img fetchpriority=\"high\" decoding=\"async\" src=\"https:\/\/portal.29minutos.cl\/webservice\/pluginfile.php\/13953\/course\/summary\/0\/renovacion_remake.jpg\" alt=\"banner\" width=\"650\" height=\"211\" class=\"img-fluid atto_image_button_text-bottom\" \/><\/a><\/strong><\/span><\/strong>\n<\/p>\n<p><span style=\"font-weight:bold;\"><strong><br \/><\/strong><\/span><\/p>\n<p style=\"text-align:center;\"><strong><strong style=\"font-size:14px;\"><span><strong>* SI NECESITAS CONGELAR TU PLAN POR UN TIEMPO HAZ\u00a0<a href=\"https:\/\/29minutos.cl\/index.php\/congelamiento\/\" target=\"_blank\" rel=\"noreferrer noopener\">CLICK AQU\u00cd<\/a>.<\/strong><\/span><\/strong><br \/>\n<\/strong><\/p>\n<p><strong><\/strong><\/p>\n<p><strong><\/strong><\/p>\n<p><strong><\/strong><\/p>\n","protected":false},"excerpt":{"rendered":"<p>Gracias por ser parte de nosotros. Ser\u00e1n 11 semanas juntos y desde ahora queremos estar cerca tuyo para apoyarte, animarte y resolver tus dudas o sugerencias. Pronto te agregaremos a nuestro grupo de Whatsapp (si compras dentro del fin de semana o feriado ser\u00e1s agregado el primer d\u00eda h\u00e1bil despu\u00e9s de tu compra) para agregarte [&hellip;]<\/p>\n","protected":false},"featured_media":7059,"template":"","meta":[],"product_cat":[34],"product_tag":[],"class_list":{"0":"post-22695","1":"product","2":"type-product","3":"status-publish","4":"has-post-thumbnail","6":"product_cat-planes","8":"first","9":"instock","10":"downloadable","11":"virtual","12":"purchasable","13":"product-type-simple"},"_links":{"self":[{"href":"https:\/\/29minutos.cl\/index.php\/wp-json\/wp\/v2\/product\/22695","targetHints":{"allow":["GET"]}}],"collection":[{"href":"https:\/\/29minutos.cl\/index.php\/wp-json\/wp\/v2\/product"}],"about":[{"href":"https:\/\/29minutos.cl\/index.php\/wp-json\/wp\/v2\/types\/product"}],"wp:featuredmedia":[{"embeddable":true,"href":"https:\/\/29minutos.cl\/index.php\/wp-json\/wp\/v2\/media\/7059"}],"wp:attachment":[{"href":"https:\/\/29minutos.cl\/index.php\/wp-json\/wp\/v2\/media?parent=22695"}],"wp:term":[{"taxonomy":"product_cat","embeddable":true,"href":"https:\/\/29minutos.cl\/index.php\/wp-json\/wp\/v2\/product_cat?post=22695"},{"taxonomy":"product_tag","embeddable":true,"href":"https:\/\/29minutos.cl\/index.php\/wp-json\/wp\/v2\/product_tag?post=22695"}],"curies":[{"name":"wp","href":"https:\/\/api.w.org\/{rel}","templated":true}]}}