{"id":18752,"date":"2022-06-22T15:10:36","date_gmt":"2022-06-22T19:10:36","guid":{"rendered":"https:\/\/29minutos.cl\/index.php\/producto\/29-10\/"},"modified":"2025-07-06T20:52:36","modified_gmt":"2025-07-07T00:52:36","slug":"29-10","status":"publish","type":"product","link":"https:\/\/29minutos.cl\/index.php\/producto\/29-10\/","title":{"rendered":"29&#8242; + 10"},"content":{"rendered":"<h4><span style=\"font-size:14px;\"><strong>Voy que voy\u00a0<\/strong><\/span><\/h4>\n<p><span style=\"font-size:14px;\"><\/span><\/p>\n<p><span>Mi V\u00edctima este invierno es de retos y de logros, vamos por tu Yo Mejor Que Yo con 29+10 Reto Invierno 29Minutos.<\/span><\/p>\n<p><span>Ser\u00e1n 5 semanas de acceso,\u00a0<\/span><span>24 clases de entrenamiento donde cada minutos ser\u00e1 aprovecha y disfrutado para construir tu mejor versi\u00f3n. Ademas de 10 minutos de hiit para potenciar tu cambio y quemar mas calor\u00edas.<\/span><\/p>\n<p><span>Grupo de Whatsapp para motivarte a diario y no dejarte desistir.<\/span><\/p>\n<p><span>Si tienes dudas sobre cualquier cosa escr\u00edbenos a\u00a0<\/span><strong><a href=\"mailto:dudasalumnos@29minutos.cl\">n<\/a>uestro whatsapp 29Minutos.<\/strong><\/p>\n<p><span style=\"font-size:14px;\"><a href=\"mailto:dudasalumnos@29minutos.cl\"><strong><\/strong><\/a><\/span><\/p>\n<p><\/p>\n","protected":false},"excerpt":{"rendered":"<p>Voy que voy\u00a0 Mi V\u00edctima este invierno es de retos y de logros, vamos por tu Yo Mejor Que Yo con 29+10 Reto Invierno 29Minutos. Ser\u00e1n 5 semanas de acceso,\u00a024 clases de entrenamiento donde cada minutos ser\u00e1 aprovecha y disfrutado para construir tu mejor versi\u00f3n. Ademas de 10 minutos de hiit para potenciar tu cambio [&hellip;]<\/p>\n","protected":false},"featured_media":18344,"template":"","meta":[],"product_cat":[34],"product_tag":[],"class_list":{"0":"post-18752","1":"product","2":"type-product","3":"status-publish","4":"has-post-thumbnail","6":"product_cat-planes","8":"first","9":"instock","10":"sale","11":"downloadable","12":"virtual","13":"purchasable","14":"product-type-simple"},"_links":{"self":[{"href":"https:\/\/29minutos.cl\/index.php\/wp-json\/wp\/v2\/product\/18752","targetHints":{"allow":["GET"]}}],"collection":[{"href":"https:\/\/29minutos.cl\/index.php\/wp-json\/wp\/v2\/product"}],"about":[{"href":"https:\/\/29minutos.cl\/index.php\/wp-json\/wp\/v2\/types\/product"}],"wp:featuredmedia":[{"embeddable":true,"href":"https:\/\/29minutos.cl\/index.php\/wp-json\/wp\/v2\/media\/18344"}],"wp:attachment":[{"href":"https:\/\/29minutos.cl\/index.php\/wp-json\/wp\/v2\/media?parent=18752"}],"wp:term":[{"taxonomy":"product_cat","embeddable":true,"href":"https:\/\/29minutos.cl\/index.php\/wp-json\/wp\/v2\/product_cat?post=18752"},{"taxonomy":"product_tag","embeddable":true,"href":"https:\/\/29minutos.cl\/index.php\/wp-json\/wp\/v2\/product_tag?post=18752"}],"curies":[{"name":"wp","href":"https:\/\/api.w.org\/{rel}","templated":true}]}}