{"id":13147,"date":"2022-03-01T08:06:33","date_gmt":"2022-03-01T12:06:33","guid":{"rendered":"https:\/\/29minutos.cl\/index.php\/producto\/remake\/"},"modified":"2024-12-02T21:52:12","modified_gmt":"2024-12-03T01:52:12","slug":"remake","status":"publish","type":"product","link":"https:\/\/29minutos.cl\/index.php\/producto\/remake\/","title":{"rendered":"REMAKE"},"content":{"rendered":"<p><span style=\"font-size:14px;\"><\/span><\/p>\n<h4><span><strong>Voy que voy\u00a0<\/strong><\/span><\/h4>\n<p><span><strong>Felicidades V\u00edctima, cumpliste contigo y completaste los 3 ciclos de entrenamiento, ahora continuemos juntas creando tu mejor versi\u00f3n.<\/strong><\/span><\/p>\n<\/p>\n<ul>\n<li><span>Ser\u00e1n 8 semanas de acceso a la plataforma donde podr\u00e1s entrenar con 29Minutos.\u00a0<\/span><\/li>\n<li><span>48 clases<\/span><\/li>\n<li><span><span>Si tienes dudas sobre cualquier cosa escr\u00edbenos a\u00a0<\/span><strong><a href=\"mailto:dudasalumnos@29minutos.cl\">n<\/a>uestro whatsapp 29Minutos.<\/strong><a href=\"mailto:dudasalumnos@29minutos.cl\"><strong><\/strong><\/a><\/span><\/li>\n<\/ul>\n<p><strong><\/strong><\/p>\n<p style=\"text-align:center;\"><strong><strong style=\"font-size:14px;\">Si estas por terminar tu plan y quieres continuar con el siguiente mes contrata el siguiente Plan:<\/strong><\/strong><\/p>\n<p><strong><br \/>\n<\/strong><\/p>\n<p><span><\/span><\/p>\n<p style=\"font-weight:bold;text-align:center;\"><strong style=\"font-size:14px;\"><span><strong><a href=\"https:\/\/29minutos.cl\/index.php\/checkouts\/remake2\/\" target=\"_blank\" rel=\"noreferrer noopener\"><img fetchpriority=\"high\" decoding=\"async\" src=\"https:\/\/portal.29minutos.cl\/webservice\/pluginfile.php\/9777\/course\/summary\/0\/renovacion_remake2.jpg\" alt=\"banner\" width=\"650\" height=\"211\" class=\"img-fluid atto_image_button_text-bottom\" \/><\/a><\/strong><\/span><\/strong>\n<\/p>\n<p><span style=\"font-weight:bold;\"><strong><br \/><\/strong><\/span><\/p>\n<p style=\"text-align:center;\"><strong><strong style=\"font-size:14px;\"><span><strong>* SI NECESITAS CONGELAR TU PLAN POR UN TIEMPO HAZ\u00a0<a href=\"https:\/\/29minutos.cl\/index.php\/congelamiento\/\" target=\"_blank\" rel=\"noreferrer noopener\">CLICK AQU\u00cd<\/a>.<\/strong><\/span><\/strong><\/strong><\/p>\n<p><strong><\/strong><\/p>\n","protected":false},"excerpt":{"rendered":"<p>Voy que voy\u00a0 Felicidades V\u00edctima, cumpliste contigo y completaste los 3 ciclos de entrenamiento, ahora continuemos juntas creando tu mejor versi\u00f3n. Ser\u00e1n 8 semanas de acceso a la plataforma donde podr\u00e1s entrenar con 29Minutos.\u00a0 48 clases Si tienes dudas sobre cualquier cosa escr\u00edbenos a\u00a0nuestro whatsapp 29Minutos. Si estas por terminar tu plan y quieres continuar [&hellip;]<\/p>\n","protected":false},"featured_media":8001,"template":"","meta":[],"product_cat":[34],"product_tag":[],"class_list":{"0":"post-13147","1":"product","2":"type-product","3":"status-publish","4":"has-post-thumbnail","6":"product_cat-planes","8":"first","9":"instock","10":"downloadable","11":"virtual","12":"purchasable","13":"product-type-simple"},"_links":{"self":[{"href":"https:\/\/29minutos.cl\/index.php\/wp-json\/wp\/v2\/product\/13147","targetHints":{"allow":["GET"]}}],"collection":[{"href":"https:\/\/29minutos.cl\/index.php\/wp-json\/wp\/v2\/product"}],"about":[{"href":"https:\/\/29minutos.cl\/index.php\/wp-json\/wp\/v2\/types\/product"}],"wp:featuredmedia":[{"embeddable":true,"href":"https:\/\/29minutos.cl\/index.php\/wp-json\/wp\/v2\/media\/8001"}],"wp:attachment":[{"href":"https:\/\/29minutos.cl\/index.php\/wp-json\/wp\/v2\/media?parent=13147"}],"wp:term":[{"taxonomy":"product_cat","embeddable":true,"href":"https:\/\/29minutos.cl\/index.php\/wp-json\/wp\/v2\/product_cat?post=13147"},{"taxonomy":"product_tag","embeddable":true,"href":"https:\/\/29minutos.cl\/index.php\/wp-json\/wp\/v2\/product_tag?post=13147"}],"curies":[{"name":"wp","href":"https:\/\/api.w.org\/{rel}","templated":true}]}}